{"id":1224,"date":"2024-03-19T11:45:12","date_gmt":"2024-03-19T11:45:12","guid":{"rendered":"https:\/\/worldplast.co\/?page_id=1224"},"modified":"2024-03-22T12:51:57","modified_gmt":"2024-03-22T12:51:57","slug":"privacy-policy","status":"publish","type":"page","link":"https:\/\/worldplast.co\/fr\/index.php\/privacy-policy\/","title":{"rendered":"politique de confidentialit\u00e9"},"content":{"rendered":"<section  class='av_textblock_section av-ltyb1kfd-9fe4da6a088d801a72ead23ff67fbe05 '   itemscope=\"itemscope\" itemtype=\"https:\/\/schema.org\/CreativeWork\" ><div class='avia_textblock'  itemprop=\"text\" ><h2 class=\"wp-block-heading\">Qui nous sommes<\/h2>\n<p>Notre entreprise dispose d\u2019une solide capacit\u00e9 de production dans le domaine du moulage par injection et du thermoformage IML (In-Mold Labelling). Avec une \u00e9quipe d\u00e9di\u00e9e de professionnels qualifi\u00e9s, nous exploitons une installation de pointe \u00e9quip\u00e9e de machines de pointe. Cette politique de confidentialit\u00e9 d\u00e9crit nos politiques et proc\u00e9dures relatives \u00e0 la collecte, \u00e0 l&rsquo;utilisation et \u00e0 la divulgation de vos informations lorsque vous utilisez le service et vous informe de vos droits \u00e0 la vie priv\u00e9e et de la mani\u00e8re dont la loi vous prot\u00e8ge. Nous utilisons Vos donn\u00e9es pour fournir et am\u00e9liorer le Service. En utilisant le Service, vous acceptez la collecte et l&rsquo;utilisation d&rsquo;informations par cette Politique de confidentialit\u00e9.<\/p>\n<p><!-- \/wp:post-content --><\/p>\n<p><!-- wp:heading --><\/p>\n<h2 class=\"wp-block-heading\">Interpr\u00e9tation et d\u00e9finitions<\/h2>\n<p><!-- \/wp:heading --><\/p>\n<p><!-- wp:heading {\"level\":3} --><\/p>\n<h3 class=\"wp-block-heading\">Interpr\u00e9tation<\/h3>\n<p><!-- \/wp:heading --><\/p>\n<p>Les mots dont la lettre initiale est en majuscule ont des significations d\u00e9finies dans les conditions suivantes. Les d\u00e9finitions suivantes auront la m\u00eame signification qu\u2019elles apparaissent au singulier ou au pluriel.<\/p>\n<p><!-- \/wp:paragraph --><\/p>\n<p><!-- wp:heading {\"level\":3} --><\/p>\n<h3 class=\"wp-block-heading\">D\u00e9finitions<\/h3>\n<p><!-- \/wp:heading --><\/p>\n<p>Pour cette politique de confidentialit\u00e9\u00a0:<\/p>\n<p><!-- \/wp:paragraph --><\/p>\n<p><!-- wp:list --><\/p>\n<ul>\n<li style=\"list-style-type: none;\">\n<ul>\n<li style=\"list-style-type: none;\">\n<ul><!-- wp:list-item --><\/ul>\n<\/li>\n<\/ul>\n<ul>\n<li><strong>Compte<\/strong>\u00a0d\u00e9signe un compte unique cr\u00e9\u00e9 pour vous permettre d&rsquo;acc\u00e9der \u00e0 notre service ou \u00e0 des parties de notre service.<\/li>\n<\/ul>\n<\/li>\n<\/ul>\n<p><!-- \/wp:list-item --><\/p>\n<p><!-- wp:list-item --><\/p>\n<ul>\n<li style=\"list-style-type: none;\">\n<ul>\n<li><strong>Soci\u00e9t\u00e9 affili\u00e9e<\/strong> d\u00e9signe une entit\u00e9 qui contr\u00f4le, est contr\u00f4l\u00e9e par ou est sous contr\u00f4le commun avec un parti, o\u00f9 \u00ab\u00a0contr\u00f4le\u00a0\u00bb d\u00e9signe la propri\u00e9t\u00e9 de 50\u00a0% ou plus des actions, participations ou autres titres donnant droit \u00e0 voter pour l&rsquo;\u00e9lection des administrateurs ou d&rsquo;autres dirigeants. autorit\u00e9.<\/li>\n<\/ul>\n<\/li>\n<\/ul>\n<p><!-- \/wp:list-item --><\/p>\n<p><!-- wp:list-item --><\/p>\n<ul>\n<li style=\"list-style-type: none;\">\n<ul>\n<li><strong>La soci\u00e9t\u00e9<\/strong> (d\u00e9sign\u00e9e par \u00ab la Soci\u00e9t\u00e9 \u00bb, \u00ab Nous \u00bb, \u00ab Notre \u00bb ou \u00ab Notre \u00bb dans le pr\u00e9sent Accord) fait r\u00e9f\u00e9rence \u00e0 Worldplast LLC, Ba\u015fal\u015fehir &#8211; Istanbul \/ Turquie.<\/li>\n<\/ul>\n<\/li>\n<\/ul>\n<p><!-- \/wp:list-item --><\/p>\n<p><!-- wp:list-item --><\/p>\n<ul>\n<li style=\"list-style-type: none;\">\n<ul>\n<li><strong>Les cookies\u00a0<\/strong>sont de petits fichiers plac\u00e9s sur votre ordinateur, appareil mobile ou tout autre appareil par un site Web, contenant les d\u00e9tails de votre historique de navigation sur ce site Web parmi ses nombreuses utilisations.<\/li>\n<\/ul>\n<\/li>\n<\/ul>\n<p><!-- \/wp:list-item --><\/p>\n<p><!-- wp:list-item --><\/p>\n<ul>\n<li style=\"list-style-type: none;\">\n<ul>\n<li><strong>Le pays\u00a0fait<\/strong> r\u00e9f\u00e9rence \u00e0 la Turquie<\/li>\n<\/ul>\n<\/li>\n<\/ul>\n<p><!-- \/wp:list-item --><\/p>\n<p><!-- wp:list-item --><\/p>\n<ul>\n<li style=\"list-style-type: none;\">\n<ul>\n<li><strong>Appareil\u00a0d\u00e9signe<\/strong> tout appareil pouvant acc\u00e9der au Service, tel qu&rsquo;un ordinateur, un t\u00e9l\u00e9phone portable ou une tablette num\u00e9rique.<\/li>\n<\/ul>\n<\/li>\n<\/ul>\n<p><!-- \/wp:list-item --><\/p>\n<p><!-- wp:list-item --><\/p>\n<ul>\n<li style=\"list-style-type: none;\">\n<ul>\n<li><strong>Les donn\u00e9es<\/strong> personnelles d\u00e9signent toute information relative \u00e0 une personne identifi\u00e9e ou identifiable.<\/li>\n<\/ul>\n<\/li>\n<\/ul>\n<p><!-- \/wp:list-item --><\/p>\n<p><!-- wp:list-item --><\/p>\n<ul>\n<li style=\"list-style-type: none;\">\n<ul>\n<li><strong>Service<\/strong>\u00a0fait r\u00e9f\u00e9rence au site Web.<\/li>\n<\/ul>\n<\/li>\n<\/ul>\n<p><!-- \/wp:list-item --><\/p>\n<p><!-- wp:list-item --><\/p>\n<ul>\n<li style=\"list-style-type: none;\">\n<ul>\n<li><strong>Prestataire de Services<\/strong> d\u00e9signe toute personne physique ou morale qui traite les donn\u00e9es pour le compte de la Soci\u00e9t\u00e9. Il fait r\u00e9f\u00e9rence \u00e0 des soci\u00e9t\u00e9s tierces ou \u00e0 des personnes employ\u00e9es par la Soci\u00e9t\u00e9 pour faciliter le Service, pour fournir le Service au nom de la Soci\u00e9t\u00e9, pour ex\u00e9cuter des services li\u00e9s au Service ou pour aider la Soci\u00e9t\u00e9 \u00e0 analyser la mani\u00e8re dont le Service est utilis\u00e9.<\/li>\n<\/ul>\n<\/li>\n<\/ul>\n<p><!-- \/wp:list-item --><\/p>\n<p><!-- wp:list-item --><\/p>\n<ul>\n<li style=\"list-style-type: none;\">\n<ul>\n<li><strong>Les Donn\u00e9es<\/strong> d&rsquo;utilisation\u00a0font r\u00e9f\u00e9rence aux donn\u00e9es collect\u00e9es automatiquement, soit g\u00e9n\u00e9r\u00e9es par l&rsquo;utilisation du Service, soit \u00e0 partir de l&rsquo;infrastructure du Service elle-m\u00eame (par exemple, la dur\u00e9e d&rsquo;une visite d&rsquo;une page).<\/li>\n<\/ul>\n<\/li>\n<\/ul>\n<p><!-- \/wp:list-item --><\/p>\n<p><!-- wp:list-item --><\/p>\n<ul>\n<li style=\"list-style-type: none;\">\n<ul>\n<li><strong>Le site\u00a0fait<\/strong> r\u00e9f\u00e9rence \u00e0 World Plast, accessible depuis <a href=\"https:\/\/worldplast.co\/\" target=\"_blank\" rel=\"noreferrer noopener\">https:\/\/worldplast.co\/<\/a><\/li>\n<\/ul>\n<\/li>\n<\/ul>\n<p><!-- \/wp:list-item --><\/p>\n<p><!-- wp:list-item --><\/p>\n<ul>\n<li style=\"list-style-type: none;\">\n<ul>\n<li><strong>Vous\u00a0d\u00e9signe<\/strong> la personne qui acc\u00e8de ou utilise le Service, ou la soci\u00e9t\u00e9 ou autre entit\u00e9 juridique au nom de laquelle cette personne acc\u00e8de ou utilise le Service, selon le cas.<\/li>\n<\/ul>\n<\/li>\n<\/ul>\n<p><!-- \/wp:list-item --><!-- \/wp:list --><\/p>\n<p><!-- wp:heading --><\/p>\n<h2 class=\"wp-block-heading\">Collecte et utilisation de vos donn\u00e9es personnelles<\/h2>\n<p><!-- \/wp:heading --><\/p>\n<p><!-- wp:heading {\"level\":3} --><\/p>\n<h3 class=\"wp-block-heading\">Types de donn\u00e9es collect\u00e9es<\/h3>\n<p><!-- \/wp:heading --><\/p>\n<p><!-- wp:heading {\"level\":4} --><\/p>\n<h4 class=\"wp-block-heading\">Donn\u00e9es personnelles<\/h4>\n<p><!-- \/wp:heading --><\/p>\n<p>Lors de l&rsquo;utilisation de notre service, nous pouvons vous demander de nous fournir certaines informations personnelles identifiables qui peuvent \u00eatre utilis\u00e9es pour vous contacter ou vous identifier. Les informations personnelles identifiables peuvent inclure, sans s\u2019y limiter\u00a0:<\/p>\n<p><!-- \/wp:paragraph --><\/p>\n<p><!-- wp:list --><\/p>\n<ul>\n<li style=\"list-style-type: none;\">\n<ul>\n<li style=\"list-style-type: none;\">\n<ul><!-- wp:list-item --><\/ul>\n<\/li>\n<\/ul>\n<ul>\n<li>Adresse e-mail<\/li>\n<\/ul>\n<\/li>\n<\/ul>\n<p><!-- \/wp:list-item --><\/p>\n<p><!-- wp:list-item --><\/p>\n<ul>\n<li style=\"list-style-type: none;\">\n<ul>\n<li>Pr\u00e9nom et nom<\/li>\n<\/ul>\n<\/li>\n<\/ul>\n<p><!-- \/wp:list-item --><\/p>\n<p><!-- wp:list-item --><\/p>\n<ul>\n<li style=\"list-style-type: none;\">\n<ul>\n<li>Num\u00e9ro de t\u00e9l\u00e9phone<\/li>\n<\/ul>\n<\/li>\n<\/ul>\n<p><!-- \/wp:list-item --><!-- \/wp:list --><\/p>\n<p><!-- wp:heading {\"level\":4} --><\/p>\n<h4 class=\"wp-block-heading\">Des donn\u00e9es d&rsquo;utilisation<\/h4>\n<p><!-- \/wp:heading --><\/p>\n<p>Les donn\u00e9es d&rsquo;utilisation sont collect\u00e9es automatiquement lors de l&rsquo;utilisation du service.<\/p>\n<p><!-- \/wp:paragraph --><\/p>\n<p>Les donn\u00e9es d&rsquo;utilisation peuvent inclure des informations telles que l&rsquo;adresse de protocole Internet de votre appareil (par exemple, l&rsquo;adresse IP), le type de navigateur, la version du navigateur, les pages de notre service que vous visitez, l&rsquo;heure et la date de votre visite, le temps pass\u00e9 sur ces pages, l&rsquo;appareil unique. identifiants et autres donn\u00e9es de diagnostic. Lorsque vous acc\u00e9dez au Service via ou via un appareil mobile, nous pouvons collecter automatiquement certaines informations, notamment, mais sans s&rsquo;y limiter, le type d&rsquo;appareil mobile que vous utilisez, l&rsquo;identifiant unique de votre appareil mobile, l&rsquo;adresse IP de votre appareil mobile, votre syst\u00e8me d&rsquo;exploitation, le type de navigateur Internet mobile que vous utilisez, les identifiants uniques de l&rsquo;appareil et d&rsquo;autres donn\u00e9es de diagnostic. Nous pouvons \u00e9galement collecter des informations que votre navigateur envoie chaque fois que vous visitez notre service ou lorsque vous acc\u00e9dez au service via ou via un appareil mobile.<\/p>\n<p><!-- \/wp:paragraph --><\/p>\n<p><!-- wp:heading {\"level\":4} --><\/p>\n<h4 class=\"wp-block-heading\">Technologies de suivi et cookies<\/h4>\n<p><!-- \/wp:heading --><\/p>\n<p>Nous utilisons des cookies et des technologies de suivi similaires pour suivre l&rsquo;activit\u00e9 sur notre service et stocker certaines informations. Les technologies de suivi utilis\u00e9es sont des balises, des balises et des scripts pour collecter et suivre des informations et pour am\u00e9liorer et analyser notre service. Les technologies que nous utilisons peuvent inclure\u00a0:<\/p>\n<p><!-- \/wp:paragraph --><\/p>\n<p><!-- wp:list --><\/p>\n<ul>\n<li style=\"list-style-type: none;\">\n<ul>\n<li style=\"list-style-type: none;\">\n<ul><!-- wp:list-item --><\/ul>\n<\/li>\n<\/ul>\n<ul>\n<li><strong>Cookies ou cookies de navigateur.<\/strong> Un cookie est un petit fichier plac\u00e9 sur votre appareil. Vous pouvez demander \u00e0 votre navigateur de refuser tous les cookies ou d&rsquo;indiquer lorsqu&rsquo;un cookie est envoy\u00e9. Cependant, si vous n&rsquo;acceptez pas les cookies, vous ne pourrez peut-\u00eatre pas utiliser certaines parties de notre service. Sauf si vous avez ajust\u00e9 les param\u00e8tres de votre navigateur afin qu&rsquo;il refuse les cookies, notre service peut utiliser des cookies.<\/li>\n<\/ul>\n<\/li>\n<\/ul>\n<p><!-- \/wp:list-item --><\/p>\n<p><!-- wp:list-item --><\/p>\n<ul>\n<li style=\"list-style-type: none;\">\n<ul>\n<li><strong>Balises Web.<\/strong> Certaines sections de notre Service et nos e-mails peuvent contenir de petits fichiers \u00e9lectroniques appel\u00e9s balises Web (\u00e9galement appel\u00e9es gifs clairs, balises pixel et gifs \u00e0 pixel unique) qui permettent \u00e0 la Soci\u00e9t\u00e9, par exemple, de compter les utilisateurs qui ont visit\u00e9 ces pages. ou ouvert un e-mail et pour d&rsquo;autres statistiques connexes sur le site Web (par exemple, enregistrer la popularit\u00e9 d&rsquo;une certaine section et v\u00e9rifier l&rsquo;int\u00e9grit\u00e9 du syst\u00e8me et du serveur).<\/li>\n<\/ul>\n<\/li>\n<\/ul>\n<p><!-- \/wp:list-item --><!-- \/wp:list --><\/p>\n<p>Les cookies peuvent \u00eatre des cookies \u00ab persistants \u00bb ou \u00ab de session \u00bb. Les cookies persistants restent sur votre ordinateur personnel ou appareil mobile lorsque vous vous d\u00e9connectez, tandis que les cookies de session sont supprim\u00e9s d\u00e8s que vous fermez votre navigateur Web.<\/p>\n<p><!-- \/wp:paragraph --><\/p>\n<p>Nous utilisons \u00e0 la fois des cookies de session et des cookies persistants aux fins \u00e9nonc\u00e9es ci-dessous\u00a0:<\/p>\n<p><!-- \/wp:paragraph --><\/p>\n<p><!-- wp:list --><\/p>\n<ul>\n<li style=\"list-style-type: none;\">\n<ul>\n<li style=\"list-style-type: none;\">\n<ul><!-- wp:list-item --><\/ul>\n<\/li>\n<\/ul>\n<ul>\n<li><strong>Cookies n\u00e9cessaires\/essentielsType :<\/strong> Cookies de sessionadministr\u00e9s par nousObjectif : Ces cookies sont essentiels pour vous fournir les services disponibles via le site Web et pour vous permettre d&rsquo;utiliser certaines de ses fonctionnalit\u00e9s. Ils aident \u00e0 authentifier les utilisateurs et \u00e0 pr\u00e9venir l&rsquo;utilisation frauduleuse des comptes d&rsquo;utilisateurs. Sans ces cookies, les services que vous avez demand\u00e9s ne peuvent pas \u00eatre fournis et nous utilisons ces cookies uniquement pour vous fournir ces services.<\/li>\n<\/ul>\n<\/li>\n<\/ul>\n<p><!-- \/wp:list-item --><\/p>\n<p><!-- wp:list-item --><\/p>\n<ul>\n<li style=\"list-style-type: none;\">\n<ul>\n<li><strong>Politique en mati\u00e8re de cookies \/ Avis d&rsquo;acceptation Type de cookie\u00a0<\/strong>: Cookies persistants administr\u00e9s par nous Objectif\u00a0: Ces cookies identifient si les utilisateurs ont accept\u00e9 l&rsquo;utilisation de cookies sur le site Web.<\/li>\n<\/ul>\n<\/li>\n<\/ul>\n<p><!-- \/wp:list-item --><\/p>\n<p><!-- wp:list-item --><\/p>\n<ul>\n<li style=\"list-style-type: none;\">\n<ul>\n<li><strong>Cookies de fonctionnalit\u00e9Type<\/strong> : Cookies persistantsadministr\u00e9s par nousObjectif : Ces cookies nous permettent de m\u00e9moriser les choix que vous faites lorsque vous utilisez le site Web, comme la m\u00e9morisation de vos informations de connexion ou de vos pr\u00e9f\u00e9rences linguistiques. La finalit\u00e9 de ces Cookies est de Vous offrir une exp\u00e9rience plus personnelle et de Vous \u00e9viter de devoir saisir \u00e0 nouveau vos pr\u00e9f\u00e9rences \u00e0 chaque fois que Vous utilisez le Site Internet.<\/li>\n<\/ul>\n<\/li>\n<\/ul>\n<p><!-- \/wp:list-item --><!-- \/wp:list --><\/p>\n<p>Pour plus d&rsquo;informations sur les cookies que nous utilisons et vos choix concernant les cookies, veuillez consulter notre Politique de cookies ou la section Cookies de notre Politique de confidentialit\u00e9.<\/p>\n<p><!-- \/wp:list --><\/p>\n<p><!-- wp:heading {\"level\":3} --><!-- \/wp:paragraph --><\/p>\n<p><!-- wp:heading {\"level\":3} --><!-- \/wp:paragraph --><\/p>\n<p><!-- wp:heading {\"level\":3} --><!-- \/wp:paragraph --><\/p>\n<p><!-- wp:heading {\"level\":3} --><\/p>\n<h3 class=\"wp-block-heading\">Divulgation de vos donn\u00e9es<\/h3>\n<p><!-- \/wp:heading --><\/p>\n<p><!-- wp:heading {\"level\":4} --><\/p>\n<h4 class=\"wp-block-heading\">Transactions commerciales<\/h4>\n<p><!-- \/wp:heading --><\/p>\n<p>Si la Soci\u00e9t\u00e9 est impliqu\u00e9e dans une fusion, une acquisition ou une vente d&rsquo;actifs, Vos Donn\u00e9es pourront \u00eatre transf\u00e9r\u00e9es. Nous vous informerons avant que vos donn\u00e9es personnelles ne soient transf\u00e9r\u00e9es et ne soient soumises \u00e0 une politique de confidentialit\u00e9 diff\u00e9rente.<\/p>\n<p><!-- \/wp:paragraph --><\/p>\n<p><!-- wp:heading {\"level\":4} --><\/p>\n<h4 class=\"wp-block-heading\">Forces de l&rsquo;ordre<\/h4>\n<p><!-- \/wp:heading --><\/p>\n<p>Dans certaines circonstances, la Soci\u00e9t\u00e9 peut \u00eatre tenue de divulguer vos donn\u00e9es si la loi l&rsquo;y oblige ou en r\u00e9ponse \u00e0 des demandes valables des autorit\u00e9s publiques (par exemple un tribunal ou un organisme gouvernemental).<\/p>\n<p><!-- \/wp:paragraph --><\/p>\n<p><!-- wp:heading {\"level\":4} --><\/p>\n<h4 class=\"wp-block-heading\">Autres exigences l\u00e9gales<\/h4>\n<p><!-- \/wp:heading --><\/p>\n<p>La Soci\u00e9t\u00e9 peut divulguer vos donn\u00e9es en croyant de bonne foi qu&rsquo;une telle action est n\u00e9cessaire pour\u00a0:<\/p>\n<p><!-- \/wp:paragraph --><\/p>\n<p><!-- wp:list --><\/p>\n<ul>\n<li style=\"list-style-type: none;\">\n<ul>\n<li style=\"list-style-type: none;\">\n<ul><!-- wp:list-item --><\/ul>\n<\/li>\n<\/ul>\n<ul>\n<li>Se conformer \u00e0 une obligation l\u00e9gale<\/li>\n<li>Prot\u00e9ger et d\u00e9fendre les droits ou les biens de la Soci\u00e9t\u00e9<\/li>\n<li>Pr\u00e9venir ou enqu\u00eater sur d&rsquo;\u00e9ventuels actes r\u00e9pr\u00e9hensibles en relation avec le Service<\/li>\n<\/ul>\n<\/li>\n<\/ul>\n<p><!-- \/wp:list-item --><\/p>\n<p><!-- wp:list-item --><\/p>\n<ul>\n<li style=\"list-style-type: none;\">\n<ul>\n<li>Prot\u00e9ger la s\u00e9curit\u00e9 personnelle des Utilisateurs du Service ou du public<\/li>\n<li>Se prot\u00e9ger contre la responsabilit\u00e9 l\u00e9gale<\/li>\n<\/ul>\n<\/li>\n<\/ul>\n<p><!-- \/wp:list-item --><!-- \/wp:list --><\/p>\n<p><!-- wp:heading {\"level\":3} --><\/p>\n<h3 class=\"wp-block-heading\">S\u00e9curit\u00e9 de vos donn\u00e9es<\/h3>\n<p><!-- \/wp:heading --><\/p>\n<p>La s\u00e9curit\u00e9 de vos donn\u00e9es est importante pour nous, mais n&rsquo;oubliez pas qu&rsquo;aucune m\u00e9thode de transmission sur Internet ni aucune m\u00e9thode de stockage \u00e9lectronique n&rsquo;est s\u00e9curis\u00e9e \u00e0 100 %. Bien que nous nous efforcions d&rsquo;utiliser des moyens commercialement acceptables pour prot\u00e9ger vos donn\u00e9es, nous ne pouvons garantir leur s\u00e9curit\u00e9 absolue.<\/p>\n<p><!-- \/wp:paragraph --><\/p>\n<p><!-- wp:heading --><\/p>\n<h2 class=\"wp-block-heading\">Confidentialit\u00e9 des enfants<\/h2>\n<p><!-- \/wp:heading --><\/p>\n<p>Notre service ne s&rsquo;adresse pas aux personnes de moins de 13 ans. Nous ne collectons sciemment aucune information personnelle identifiable aupr\u00e8s de toute personne de moins de 13 ans. Si vous \u00eates un parent ou un tuteur et que vous savez que votre enfant nous a fourni des donn\u00e9es personnelles, veuillez Contactez-nous. Si nous apprenons que nous avons collect\u00e9 des donn\u00e9es personnelles aupr\u00e8s d&rsquo;une personne de moins de 13 ans sans v\u00e9rification du consentement parental, nous prenons des mesures pour supprimer ces informations de nos serveurs. Si nous devons nous appuyer sur le consentement comme base l\u00e9gale pour traiter vos informations et que votre pays exige le consentement d&rsquo;un parent, nous pouvons exiger le consentement de votre parent avant de collecter et d&rsquo;utiliser ces informations.<\/p>\n<p><!-- \/wp:paragraph --><\/p>\n<p><!-- wp:heading --><\/p>\n<h2 class=\"wp-block-heading\">Liens vers d&rsquo;autres sites Web<\/h2>\n<p><!-- \/wp:heading --><\/p>\n<p>Notre Service peut contenir des liens vers d&rsquo;autres sites Web qui ne sont pas exploit\u00e9s par Nous. Si vous cliquez sur un lien tiers, vous serez dirig\u00e9 vers le site de ce tiers. Nous vous conseillons fortement de consulter la politique de confidentialit\u00e9 de chaque site que vous visitez. Nous n&rsquo;avons aucun contr\u00f4le et n&rsquo;assumons aucune responsabilit\u00e9 quant au contenu, aux politiques de confidentialit\u00e9 ou aux pratiques de tout site ou service tiers.<\/p>\n<p><!-- \/wp:paragraph --><\/p>\n<p><!-- wp:heading --><\/p>\n<h2 class=\"wp-block-heading\">Modifications de cette politique de confidentialit\u00e9<\/h2>\n<p><!-- \/wp:heading --><\/p>\n<p>Nous pouvons mettre \u00e0 jour notre politique de confidentialit\u00e9 de temps \u00e0 autre. Nous vous informerons de tout changement en publiant la nouvelle politique de confidentialit\u00e9 sur cette page. Nous vous en informerons par e-mail et\/ou par un avis bien visible sur notre service, avant que le changement n&rsquo;entre en vigueur et mettrons \u00e0 jour la date de \u00ab\u00a0Derni\u00e8re mise \u00e0 jour\u00a0\u00bb en haut de cette politique de confidentialit\u00e9. Il vous est conseill\u00e9 de consulter p\u00e9riodiquement cette politique de confidentialit\u00e9 pour tout changement. Les modifications apport\u00e9es \u00e0 cette politique de confidentialit\u00e9 entrent en vigueur d\u00e8s leur publication sur cette page.<\/p>\n<p><!-- \/wp:paragraph --><\/p>\n<p><!-- wp:heading --><\/p>\n<h2 class=\"wp-block-heading\">Contactez-nous<\/h2>\n<p><!-- \/wp:heading --><\/p>\n<p>Si vous avez des questions concernant cette politique de confidentialit\u00e9, vous pouvez nous contacter\u00a0:<\/p>\n<p><!-- \/wp:paragraph --><\/p>\n<p><!-- wp:list --><\/p>\n<ul>\n<li style=\"list-style-type: none;\">\n<ul>\n<li style=\"list-style-type: none;\">\n<ul><!-- wp:list-item --><\/ul>\n<\/li>\n<\/ul>\n<ul>\n<li>Par email : info@worldplast.co<\/li>\n<li>En visitant cette page de notre site Web\u00a0:\u00a0https:\/\/worldplast.co\/contact\/<\/li>\n<li>Par num\u00e9ro de t\u00e9l\u00e9phone : +90 (531) 104 20 55<\/li>\n<li>Par num\u00e9ro de t\u00e9l\u00e9phone : +90 (531) 104 20 54<\/li>\n<\/ul>\n<\/li>\n<\/ul>\n<p><!-- \/wp:list-item --><!-- \/wp:list --><\/p>\n<\/div><\/section>\r\n\n<style type=\"text\/css\" data-created_by=\"avia_inline_auto\" id=\"style-css-av-lr1uyx4u-9a982c8d666c4ca5f16170d68e4ccbad\">\n.avia-image-container.av-lr1uyx4u-9a982c8d666c4ca5f16170d68e4ccbad img.avia_image{\nbox-shadow:none;\n}\n.avia-image-container.av-lr1uyx4u-9a982c8d666c4ca5f16170d68e4ccbad .av-image-caption-overlay-center{\ncolor:#ffffff;\n}\n<\/style>\n<div  class='avia-image-container av-lr1uyx4u-9a982c8d666c4ca5f16170d68e4ccbad av-styling- avia-align-center  avia-builder-el-1  el_after_av_textblock  avia-builder-el-last '   itemprop=\"image\" itemscope=\"itemscope\" itemtype=\"https:\/\/schema.org\/ImageObject\" ><div class=\"avia-image-container-inner\"><div class=\"avia-image-overlay-wrap\"><img decoding=\"async\" class='wp-image-1161 avia-img-lazy-loading-not-1161 avia_image ' src=\"https:\/\/worldplast.co\/wp-content\/uploads\/2024\/01\/Products.png\" alt='' title='Products'  height=\"500\" width=\"1900\"  itemprop=\"thumbnailUrl\" srcset=\"https:\/\/worldplast.co\/wp-content\/uploads\/2024\/01\/Products.png 1900w, https:\/\/worldplast.co\/wp-content\/uploads\/2024\/01\/Products-300x79.png 300w, https:\/\/worldplast.co\/wp-content\/uploads\/2024\/01\/Products-1030x271.png 1030w, https:\/\/worldplast.co\/wp-content\/uploads\/2024\/01\/Products-768x202.png 768w, https:\/\/worldplast.co\/wp-content\/uploads\/2024\/01\/Products-1536x404.png 1536w, https:\/\/worldplast.co\/wp-content\/uploads\/2024\/01\/Products-1500x395.png 1500w, https:\/\/worldplast.co\/wp-content\/uploads\/2024\/01\/Products-705x186.png 705w\" sizes=\"(max-width: 1900px) 100vw, 1900px\" \/><\/div><\/div><\/div>","protected":false},"excerpt":{"rendered":"","protected":false},"author":1,"featured_media":0,"parent":0,"menu_order":0,"comment_status":"closed","ping_status":"open","template":"","meta":{"footnotes":""},"class_list":["post-1224","page","type-page","status-publish","hentry"],"_links":{"self":[{"href":"https:\/\/worldplast.co\/fr\/index.php\/wp-json\/wp\/v2\/pages\/1224","targetHints":{"allow":["GET"]}}],"collection":[{"href":"https:\/\/worldplast.co\/fr\/index.php\/wp-json\/wp\/v2\/pages"}],"about":[{"href":"https:\/\/worldplast.co\/fr\/index.php\/wp-json\/wp\/v2\/types\/page"}],"author":[{"embeddable":true,"href":"https:\/\/worldplast.co\/fr\/index.php\/wp-json\/wp\/v2\/users\/1"}],"replies":[{"embeddable":true,"href":"https:\/\/worldplast.co\/fr\/index.php\/wp-json\/wp\/v2\/comments?post=1224"}],"version-history":[{"count":3,"href":"https:\/\/worldplast.co\/fr\/index.php\/wp-json\/wp\/v2\/pages\/1224\/revisions"}],"predecessor-version":[{"id":1378,"href":"https:\/\/worldplast.co\/fr\/index.php\/wp-json\/wp\/v2\/pages\/1224\/revisions\/1378"}],"wp:attachment":[{"href":"https:\/\/worldplast.co\/fr\/index.php\/wp-json\/wp\/v2\/media?parent=1224"}],"curies":[{"name":"wp","href":"https:\/\/api.w.org\/{rel}","templated":true}]}}