{"id":1235,"date":"2024-03-19T13:47:10","date_gmt":"2024-03-19T13:47:10","guid":{"rendered":"https:\/\/worldplast.co\/?page_id=1235"},"modified":"2024-03-19T13:47:10","modified_gmt":"2024-03-19T13:47:10","slug":"gizlilik-politikasi","status":"publish","type":"page","link":"https:\/\/worldplast.co\/tr\/index.php\/gizlilik-politikasi\/","title":{"rendered":"Gizlilik Politikas\u0131"},"content":{"rendered":"<section  class='av_textblock_section av-ltyfehhe-e03b7b30427690e5246124e675447ce7 '   itemscope=\"itemscope\" itemtype=\"https:\/\/schema.org\/CreativeWork\" ><div class='avia_textblock'  itemprop=\"text\" ><h2 class=\"wp-block-heading\">Biz Kimiz<\/h2>\n<p>Firmam\u0131z IML (Kal\u0131p \u0130\u00e7i Etiketleme) enjeksiyon kal\u0131plama ve termoform alan\u0131nda g\u00fc\u00e7l\u00fc bir \u00fcretim kapasitesine sahiptir. Yetenekli profesyonellerden olu\u015fan \u00f6zel bir ekiple, geli\u015fmi\u015f makinelerle donat\u0131lm\u0131\u015f, son teknolojiye sahip bir tesisi i\u015fletiyoruz.<\/p>\n<p>Bu Gizlilik Politikas\u0131, Hizmeti kulland\u0131\u011f\u0131n\u0131zda bilgilerinizin toplanmas\u0131, kullan\u0131lmas\u0131 ve if\u015fa edilmesine ili\u015fkin politikalar\u0131m\u0131z\u0131 ve prosed\u00fcrlerimizi a\u00e7\u0131klar ve Size gizlilik haklar\u0131n\u0131z\u0131 ve yasalar\u0131n Sizi nas\u0131l korudu\u011funu anlat\u0131r.<\/p>\n<p>Verilerinizi Hizmeti sa\u011flamak ve geli\u015ftirmek i\u00e7in kullan\u0131r\u0131z. Hizmeti kullanarak bilgilerin bu Gizlilik Politikas\u0131na g\u00f6re toplanmas\u0131n\u0131 ve kullan\u0131lmas\u0131n\u0131 kabul edersiniz.<\/p>\n<p><!-- \/wp:post-content --><\/p>\n<p><!-- wp:heading --><\/p>\n<h2 class=\"wp-block-heading\">Yorum ve Tan\u0131mlar<\/h2>\n<p><!-- \/wp:heading --><\/p>\n<p><!-- wp:heading {\"level\":3} --><\/p>\n<h3 class=\"wp-block-heading\">Terc\u00fcme<\/h3>\n<p><!-- \/wp:heading --><\/p>\n<p>Ba\u015f harfi b\u00fcy\u00fck olan kelimeler a\u015fa\u011f\u0131daki \u015fartlarda tan\u0131mlanan anlamlara sahiptir. A\u015fa\u011f\u0131daki tan\u0131mlar tekil veya \u00e7o\u011ful olmas\u0131na bak\u0131lmaks\u0131z\u0131n ayn\u0131 anlama gelecektir.<\/p>\n<p><!-- \/wp:paragraph --><\/p>\n<p><!-- wp:heading {\"level\":3} --><\/p>\n<h3 class=\"wp-block-heading\">Tan\u0131mlar<\/h3>\n<p><!-- \/wp:heading --><\/p>\n<p>Bu Gizlilik Politikas\u0131 i\u00e7in:<\/p>\n<p><!-- \/wp:paragraph --><\/p>\n<p><!-- wp:list --><\/p>\n<ul>\n<li style=\"list-style-type: none;\">\n<ul>\n<li style=\"list-style-type: none;\">\n<ul><!-- wp:list-item --><\/ul>\n<\/li>\n<\/ul>\n<ul>\n<li>Hesap, Hizmetimize veya Hizmetimizin b\u00f6l\u00fcmlerine eri\u015fmeniz i\u00e7in olu\u015fturulan benzersiz bir hesap anlam\u0131na gelir.<\/li>\n<li>Ba\u011fl\u0131 kurulu\u015f, bir taraf\u0131 kontrol eden, onun taraf\u0131ndan kontrol edilen veya bir tarafla ortak kontrol alt\u0131nda olan bir kurulu\u015f anlam\u0131na gelir; burada &#8220;kontrol&#8221;, y\u00f6neticilerin veya di\u011fer y\u00f6neticilerin se\u00e7imi i\u00e7in oy kullanma hakk\u0131na sahip hisselerin, \u00f6z sermaye paylar\u0131n\u0131n veya di\u011fer menkul k\u0131ymetlerin %50 veya daha fazlas\u0131n\u0131n m\u00fclkiyeti anlam\u0131na gelir. yetki.<\/li>\n<li>\u015eirket (bu S\u00f6zle\u015fmede &#8220;\u015eirket&#8221;, &#8220;Biz&#8221;, &#8220;Biz&#8221; veya &#8220;Bizim&#8221; olarak an\u0131lacakt\u0131r), Ba\u015fal\u015fehir &#8211; \u0130stanbul \/ T\u00fcrkiye&#8217;de yerle\u015fik Worldplast LLC anlam\u0131na gelir.<\/li>\n<li>\u00c7erezler, bir web sitesi taraf\u0131ndan bilgisayar\u0131n\u0131za, mobil cihaz\u0131n\u0131za veya ba\u015fka herhangi bir cihaz\u0131n\u0131za yerle\u015ftirilen ve o web sitesindeki bir\u00e7ok kullan\u0131m\u0131n yan\u0131 s\u0131ra tarama ge\u00e7mi\u015finizin ayr\u0131nt\u0131lar\u0131n\u0131 i\u00e7eren k\u00fc\u00e7\u00fck dosyalard\u0131r.<\/li>\n<li>\u00dclke T\u00fcrkiye&#8217;yi ifade eder<\/li>\n<li>Cihaz, Bilgisayar, cep telefonu veya dijital tablet gibi Hizmete eri\u015febilen herhangi bir cihaz anlam\u0131na gelir.Ki\u015fisel Veriler, kimli\u011fi belirli veya belirlenebilir bir bireyle ilgili her t\u00fcrl\u00fc bilgidir.<\/li>\n<li>Hizmet Web Sitesini ifade eder.<\/li>\n<li>Hizmet Sa\u011flay\u0131c\u0131, verileri \u015eirket ad\u0131na i\u015fleyen herhangi bir ger\u00e7ek veya t\u00fczel ki\u015fi anlam\u0131na gelir. Hizmeti kolayla\u015ft\u0131rmak, \u015eirket ad\u0131na Hizmeti sa\u011flamak, Hizmetle ilgili hizmetleri ger\u00e7ekle\u015ftirmek veya \u015eirkete Hizmetin nas\u0131l kullan\u0131ld\u0131\u011f\u0131n\u0131 analiz etmede yard\u0131mc\u0131 olmak i\u00e7in \u015eirket taraf\u0131ndan istihdam edilen \u00fc\u00e7\u00fcnc\u00fc taraf \u015firketleri veya ki\u015fileri ifade eder.<\/li>\n<li>Kullan\u0131m Verileri, Hizmetin kullan\u0131m\u0131yla veya Hizmet altyap\u0131s\u0131n\u0131n kendisinden otomatik olarak toplanan verileri (\u00f6rne\u011fin, bir sayfa ziyaretinin s\u00fcresi) ifade eder.<\/li>\n<li>Web sitesi, https:\/\/worldplast.co\/ adresinden eri\u015filebilen World Plast&#8217;a at\u0131fta bulunmaktad\u0131r.<\/li>\n<li>Uygun oldu\u011fu \u015fekilde, Hizmete eri\u015fen veya Hizmeti kullanan ki\u015fiyi veya bu ki\u015finin ad\u0131na Hizmete eri\u015fen veya Hizmeti kullanan \u015firketi veya di\u011fer t\u00fczel ki\u015fiyi ifade edersiniz.<\/li>\n<\/ul>\n<\/li>\n<\/ul>\n<p><!-- \/wp:list-item --><\/p>\n<p><!-- \/wp:list --><\/p>\n<p><!-- wp:heading --><\/p>\n<h2 class=\"wp-block-heading\">Ki\u015fisel Verilerinizin Toplanmas\u0131 ve Kullan\u0131lmas\u0131<\/h2>\n<p><!-- \/wp:heading --><\/p>\n<p><!-- wp:heading {\"level\":3} --><\/p>\n<h3 class=\"wp-block-heading\">Toplanan Veri T\u00fcrleri<\/h3>\n<p><!-- \/wp:heading --><\/p>\n<p><!-- wp:heading {\"level\":4} --><\/p>\n<h4 class=\"wp-block-heading\">Ki\u015fisel veri<\/h4>\n<p><!-- \/wp:heading --><\/p>\n<p>Hizmetimizi kullan\u0131rken, Sizinle ileti\u015fim kurmak veya kimli\u011finizi belirlemek i\u00e7in kullan\u0131labilecek belirli ki\u015fisel bilgileri Bize sa\u011flaman\u0131z\u0131 isteyebiliriz. Ki\u015fisel olarak tan\u0131mlanabilir bilgiler a\u015fa\u011f\u0131dakileri i\u00e7erebilir ancak bunlarla s\u0131n\u0131rl\u0131 de\u011fildir:<\/p>\n<p><!-- \/wp:paragraph --><\/p>\n<p><!-- wp:list --><\/p>\n<ul>\n<li style=\"list-style-type: none;\">\n<ul>\n<li style=\"list-style-type: none;\">\n<ul><!-- wp:list-item --><\/ul>\n<\/li>\n<\/ul>\n<ul>\n<li>E-posta adresi<\/li>\n<\/ul>\n<\/li>\n<\/ul>\n<p><!-- \/wp:list-item --><\/p>\n<p><!-- wp:list-item --><\/p>\n<ul>\n<li style=\"list-style-type: none;\">\n<ul>\n<li>Ad ve soyad<\/li>\n<\/ul>\n<\/li>\n<\/ul>\n<p><!-- \/wp:list-item --><\/p>\n<p><!-- wp:list-item --><\/p>\n<ul>\n<li style=\"list-style-type: none;\">\n<ul>\n<li>Telefon numaras\u0131<\/li>\n<li>Kullan\u0131m verisi<\/li>\n<\/ul>\n<\/li>\n<\/ul>\n<p><!-- \/wp:list-item --><\/p>\n<p><!-- \/wp:list --><\/p>\n<p><!-- wp:heading {\"level\":4} --><\/p>\n<h4 class=\"wp-block-heading\">Kullan\u0131m verisi<\/h4>\n<p><!-- \/wp:heading --><\/p>\n<p>Kullan\u0131m Verileri, Hizmet kullan\u0131l\u0131rken otomatik olarak toplan\u0131r.<\/p>\n<p>Kullan\u0131m Verileri, Cihaz\u0131n\u0131z\u0131n \u0130nternet Protokol adresi (\u00f6rn. IP adresi), taray\u0131c\u0131 t\u00fcr\u00fc, taray\u0131c\u0131 s\u00fcr\u00fcm\u00fc, Hizmetimizin ziyaret etti\u011finiz sayfalar\u0131, ziyaretinizin saati ve tarihi, bu sayfalarda ge\u00e7irilen s\u00fcre, benzersiz cihaz gibi bilgileri i\u00e7erebilir. tan\u0131mlay\u0131c\u0131lar ve di\u011fer te\u015fhis verileri.<\/p>\n<p>Hizmete bir mobil cihaz \u00fczerinden veya arac\u0131l\u0131\u011f\u0131yla eri\u015fti\u011finizde, kulland\u0131\u011f\u0131n\u0131z mobil cihaz\u0131n t\u00fcr\u00fc, mobil cihaz\u0131n\u0131z\u0131n benzersiz kimli\u011fi, mobil cihaz\u0131n\u0131z\u0131n IP adresi, cep telefonunuz dahil ancak bunlarla s\u0131n\u0131rl\u0131 olmamak \u00fczere belirli bilgileri otomatik olarak toplayabiliriz. i\u015fletim sistemi, kulland\u0131\u011f\u0131n\u0131z mobil \u0130nternet taray\u0131c\u0131s\u0131n\u0131n t\u00fcr\u00fc, benzersiz cihaz tan\u0131mlay\u0131c\u0131lar\u0131 ve di\u011fer te\u015fhis verileri.<\/p>\n<p>Ayr\u0131ca, Hizmetimizi her ziyaret etti\u011finizde veya Hizmete bir mobil cihaz \u00fczerinden veya arac\u0131l\u0131\u011f\u0131yla eri\u015fti\u011finizde taray\u0131c\u0131n\u0131z\u0131n g\u00f6nderdi\u011fi bilgileri de toplayabiliriz.<\/p>\n<p><!-- \/wp:paragraph --><\/p>\n<p><!-- wp:heading {\"level\":4} --><\/p>\n<h4 class=\"wp-block-heading\">Takip Teknolojileri ve \u00c7erezler<\/h4>\n<p><!-- \/wp:heading --><\/p>\n<p>Hizmetimizdeki etkinli\u011fi izlemek ve belirli bilgileri saklamak i\u00e7in \u00c7erezleri ve benzer izleme teknolojilerini kullan\u0131yoruz. Kullan\u0131lan izleme teknolojileri, bilgileri toplamak ve izlemek ve Hizmetimizi geli\u015ftirmek ve analiz etmek i\u00e7in i\u015faret\u00e7iler, etiketler ve komut dosyalar\u0131d\u0131r. Kulland\u0131\u011f\u0131m\u0131z teknolojiler \u015funlar\u0131 i\u00e7erebilir:<\/p>\n<p><!-- \/wp:paragraph --><\/p>\n<p><!-- wp:list --><\/p>\n<ul>\n<li style=\"list-style-type: none;\">\n<ul>\n<li style=\"list-style-type: none;\">\n<ul><!-- wp:list-item --><\/ul>\n<\/li>\n<\/ul>\n<ul>\n<li><strong>\u00c7erezler veya Taray\u0131c\u0131 \u00c7erezleri.<\/strong> \u00c7erez, Cihaz\u0131n\u0131za yerle\u015ftirilen k\u00fc\u00e7\u00fck bir dosyad\u0131r. Taray\u0131c\u0131n\u0131za t\u00fcm \u00c7erezleri reddetmesi veya bir \u00e7erez g\u00f6nderildi\u011finde bunu belirtmesi talimat\u0131n\u0131 verebilirsiniz. Ancak \u00c7erezleri kabul etmezseniz Hizmetimizin baz\u0131 k\u0131s\u0131mlar\u0131n\u0131 kullanamayabilirsiniz. Taray\u0131c\u0131 ayarlar\u0131n\u0131z\u0131 \u00e7erezleri reddedecek \u015fekilde ayarlamad\u0131\u011f\u0131n\u0131z s\u00fcrece Hizmetimiz \u00c7erezleri kullanabilir.<\/li>\n<\/ul>\n<\/li>\n<\/ul>\n<p><!-- \/wp:list-item --><\/p>\n<p><!-- wp:list-item --><\/p>\n<ul>\n<li style=\"list-style-type: none;\">\n<ul>\n<li><strong>Web \u0130\u015faret\u00e7ileri.<\/strong> Hizmetimizin ve e-postalar\u0131m\u0131z\u0131n belirli b\u00f6l\u00fcmleri, \u015eirketin \u00f6rne\u011fin bu sayfalar\u0131 ziyaret eden kullan\u0131c\u0131lar\u0131 saymas\u0131na izin veren, web i\u015faret\u00e7ileri (a\u00e7\u0131k gifler, piksel etiketleri ve tek pikselli gifler olarak da an\u0131l\u0131r) olarak bilinen k\u00fc\u00e7\u00fck elektronik dosyalar i\u00e7erebilir. veya bir e-postay\u0131 a\u00e7mak ve di\u011fer ilgili web sitesi istatistikleri i\u00e7in (\u00f6rne\u011fin, belirli bir b\u00f6l\u00fcm\u00fcn pop\u00fclerli\u011fini kaydetmek ve sistem ve sunucu b\u00fct\u00fcnl\u00fc\u011f\u00fcn\u00fc do\u011frulamak).<\/li>\n<\/ul>\n<\/li>\n<\/ul>\n<p><!-- \/wp:list-item --><\/p>\n<p><!-- \/wp:list --><\/p>\n<p>\u00c7erezler &#8220;Kal\u0131c\u0131&#8221; veya &#8220;Oturum&#8221; \u00c7erezleri olabilir. Kal\u0131c\u0131 \u00c7erezler, \u00e7evrimd\u0131\u015f\u0131 oldu\u011funuzda ki\u015fisel bilgisayar\u0131n\u0131zda veya mobil cihaz\u0131n\u0131zda kal\u0131r, Oturum \u00c7erezleri ise web taray\u0131c\u0131n\u0131z\u0131 kapatt\u0131\u011f\u0131n\u0131zda silinir.<\/p>\n<p><!-- \/wp:paragraph --><\/p>\n<p>A\u015fa\u011f\u0131da belirtilen ama\u00e7lar do\u011frultusunda hem Oturum hem de Kal\u0131c\u0131 \u00c7erezleri kullan\u0131yoruz:<\/p>\n<p><!-- \/wp:paragraph --><\/p>\n<p><!-- wp:list --><\/p>\n<ul>\n<li style=\"list-style-type: none;\">\n<ul>\n<li style=\"list-style-type: none;\">\n<ul><!-- wp:list-item --><\/ul>\n<\/li>\n<\/ul>\n<ul>\n<li><strong>Gerekli \/ Temel \u00c7erezler T\u00fcr:<\/strong> Taraf\u0131m\u0131zca Y\u00f6netilen Oturum \u00c7erezleri Ama\u00e7: Bu \u00c7erezler Size Web Sitesi arac\u0131l\u0131\u011f\u0131yla sunulan hizmetleri sa\u011flamak ve Web Sitesinin baz\u0131 \u00f6zelliklerini kullanman\u0131z\u0131 sa\u011flamak i\u00e7in gereklidir. Kullan\u0131c\u0131lar\u0131n kimli\u011finin do\u011frulanmas\u0131na ve kullan\u0131c\u0131 hesaplar\u0131n\u0131n hileli kullan\u0131m\u0131n\u0131 \u00f6nlemeye yard\u0131mc\u0131 olurlar. Bu \u00c7erezler olmadan talep etti\u011finiz hizmetler sa\u011flanamaz ve bu \u00c7erezleri yaln\u0131zca Size bu hizmetleri sa\u011flamak i\u00e7in kullan\u0131r\u0131z.<\/li>\n<\/ul>\n<\/li>\n<\/ul>\n<p><!-- \/wp:list-item --><\/p>\n<p><!-- wp:list-item --><\/p>\n<ul>\n<li style=\"list-style-type: none;\">\n<ul>\n<li><strong>\u00c7erez Politikas\u0131 \/ Bildirim Kabul\u00fc \u00c7erez T\u00fcr\u00fc:<\/strong> Taraf\u0131m\u0131zca Y\u00f6netilen Kal\u0131c\u0131 \u00c7erezler Ama\u00e7: Bu \u00c7erezler, kullan\u0131c\u0131lar\u0131n Web Sitesinde \u00e7erez kullan\u0131m\u0131n\u0131 kabul edip etmedi\u011fini belirler.<\/li>\n<\/ul>\n<\/li>\n<\/ul>\n<p><!-- \/wp:list-item --><\/p>\n<p><!-- wp:list-item --><\/p>\n<ul>\n<li style=\"list-style-type: none;\">\n<ul>\n<li><strong>\u0130\u015flevsellik \u00c7erezleriT\u00fcr:<\/strong> Taraf\u0131m\u0131zca Y\u00f6netilen Kal\u0131c\u0131 \u00c7erezlerAma\u00e7: Bu \u00c7erezler, Web Sitesini kullan\u0131rken oturum a\u00e7ma ayr\u0131nt\u0131lar\u0131n\u0131z\u0131 veya dil tercihinizi hat\u0131rlamak gibi yapt\u0131\u011f\u0131n\u0131z se\u00e7imleri hat\u0131rlamam\u0131za olanak tan\u0131r. Bu \u00c7erezlerin amac\u0131 Size daha ki\u015fisel bir deneyim sunmak ve Web Sitesini her kulland\u0131\u011f\u0131n\u0131zda tercihlerinizi yeniden girmek zorunda kalman\u0131z\u0131 \u00f6nlemektir.<\/li>\n<\/ul>\n<\/li>\n<\/ul>\n<p><!-- \/wp:list-item --><\/p>\n<p><!-- \/wp:list --><\/p>\n<p>Kulland\u0131\u011f\u0131m\u0131z \u00e7erezler ve \u00e7erezlere ili\u015fkin tercihleriniz hakk\u0131nda daha fazla bilgi i\u00e7in l\u00fctfen \u00c7erez Politikam\u0131z\u0131 veya Gizlilik Politikam\u0131z\u0131n \u00c7erezler b\u00f6l\u00fcm\u00fcn\u00fc ziyaret edin.<\/p>\n<p><!-- \/wp:list --><\/p>\n<p><!-- wp:heading {\"level\":3} --><!-- \/wp:paragraph --><\/p>\n<p><!-- wp:heading {\"level\":3} --><!-- \/wp:paragraph --><\/p>\n<p><!-- wp:heading {\"level\":3} --><!-- \/wp:paragraph --><\/p>\n<p><!-- wp:heading {\"level\":3} --><\/p>\n<h3 class=\"wp-block-heading\">Verilerinizin \u0130f\u015fas\u0131<\/h3>\n<p><!-- \/wp:heading --><\/p>\n<p><!-- wp:heading {\"level\":4} --><\/p>\n<h4 class=\"wp-block-heading\">Ticari i\u015flemler<\/h4>\n<p><!-- \/wp:heading --><\/p>\n<p>\u015eirketin bir birle\u015fme, sat\u0131n alma veya varl\u0131k sat\u0131\u015f\u0131na dahil olmas\u0131 durumunda Verileriniz aktar\u0131labilir. Ki\u015fisel Verileriniz aktar\u0131l\u0131p farkl\u0131 bir Gizlilik Politikas\u0131na tabi hale gelmeden \u00f6nce bildirimde bulunaca\u011f\u0131z.<\/p>\n<p><!-- \/wp:paragraph --><\/p>\n<p><!-- wp:heading {\"level\":4} --><\/p>\n<h4 class=\"wp-block-heading\">Kanun yapt\u0131r\u0131m\u0131<\/h4>\n<p><!-- \/wp:heading --><\/p>\n<p>Belirli ko\u015fullar alt\u0131nda, kanunen gerekli olmas\u0131 halinde veya kamu yetkililerinin (\u00f6rne\u011fin mahkeme veya devlet kurumu) ge\u00e7erli taleplerine yan\u0131t olarak \u015eirketin Verilerinizi if\u015fa etmesi gerekebilir.<\/p>\n<p><!-- \/wp:paragraph --><\/p>\n<p><!-- wp:heading {\"level\":4} --><\/p>\n<h4 class=\"wp-block-heading\">Di\u011fer yasal gereklilikler<\/h4>\n<p><!-- \/wp:heading --><\/p>\n<p>\u015eirket, a\u015fa\u011f\u0131daki ama\u00e7lar i\u00e7in b\u00f6yle bir eylemin gerekli oldu\u011funa iyi niyetle inanarak Verilerinizi a\u00e7\u0131klayabilir:<\/p>\n<p><!-- \/wp:paragraph --><\/p>\n<p><!-- wp:list --><\/p>\n<ul>\n<li style=\"list-style-type: none;\">\n<ul>\n<li style=\"list-style-type: none;\">\n<ul><!-- wp:list-item --><\/ul>\n<\/li>\n<\/ul>\n<ul>\n<li>Yasal bir y\u00fck\u00fcml\u00fcl\u00fc\u011fe uymak<\/li>\n<\/ul>\n<\/li>\n<\/ul>\n<p><!-- \/wp:list-item --><\/p>\n<p><!-- wp:list-item --><\/p>\n<ul>\n<li style=\"list-style-type: none;\">\n<ul>\n<li>\u015eirketin haklar\u0131n\u0131 veya m\u00fclkiyetini koruyun ve savunun<\/li>\n<\/ul>\n<\/li>\n<\/ul>\n<p><!-- \/wp:list-item --><\/p>\n<p><!-- wp:list-item --><\/p>\n<ul>\n<li style=\"list-style-type: none;\">\n<ul>\n<li>Hizmetle ba\u011flant\u0131l\u0131 olas\u0131 suiistimalleri \u00f6nleyin veya ara\u015ft\u0131r\u0131n<\/li>\n<\/ul>\n<\/li>\n<\/ul>\n<p><!-- \/wp:list-item --><\/p>\n<p><!-- wp:list-item --><\/p>\n<ul>\n<li style=\"list-style-type: none;\">\n<ul>\n<li>Hizmet Kullan\u0131c\u0131lar\u0131n\u0131n veya halk\u0131n ki\u015fisel g\u00fcvenli\u011fini koruyun<\/li>\n<\/ul>\n<\/li>\n<\/ul>\n<p><!-- \/wp:list-item --><\/p>\n<p><!-- wp:list-item --><\/p>\n<ul>\n<li style=\"list-style-type: none;\">\n<ul>\n<li>Yasal sorumlulu\u011fa kar\u015f\u0131 koruma<\/li>\n<\/ul>\n<\/li>\n<\/ul>\n<p><!-- \/wp:list-item --><\/p>\n<p><!-- \/wp:list --><\/p>\n<p><!-- wp:heading {\"level\":3} --><\/p>\n<h3 class=\"wp-block-heading\">Verilerinizin G\u00fcvenli\u011fi<\/h3>\n<p><!-- \/wp:heading --><\/p>\n<p>Verilerinizin g\u00fcvenli\u011fi Bizim i\u00e7in \u00f6nemlidir, ancak \u0130nternet \u00fczerinden hi\u00e7bir aktar\u0131m y\u00f6nteminin veya elektronik depolama y\u00f6nteminin %100 g\u00fcvenli olmad\u0131\u011f\u0131n\u0131 unutmay\u0131n. Verilerinizi korumak i\u00e7in ticari olarak kabul edilebilir ara\u00e7lar\u0131 kullanmaya \u00e7al\u0131\u015fsak da, bunlar\u0131n mutlak g\u00fcvenli\u011fini garanti edemeyiz.<\/p>\n<p><!-- \/wp:paragraph --><\/p>\n<p><!-- wp:heading --><\/p>\n<h2 class=\"wp-block-heading\">\u00c7ocuklar\u0131n Gizlili\u011fi<\/h2>\n<p><!-- \/wp:heading --><\/p>\n<p>Hizmetimiz 13 ya\u015f\u0131n alt\u0131ndaki ki\u015filere y\u00f6nelik de\u011fildir. 13 ya\u015f\u0131n alt\u0131ndaki hi\u00e7 kimseden bilerek ki\u015fisel olarak tan\u0131mlanabilir bilgiler toplam\u0131yoruz. Ebeveyn veya veli iseniz ve \u00e7ocu\u011funuzun Bize Ki\u015fisel Veri sa\u011flad\u0131\u011f\u0131n\u0131 biliyorsan\u0131z, l\u00fctfen bize Ula\u015f\u0131n. Ebeveyn onay\u0131 olmadan 13 ya\u015f\u0131n alt\u0131ndaki herkesten Ki\u015fisel Veri toplad\u0131\u011f\u0131m\u0131z\u0131 \u00f6\u011frenirsek, bu bilgiyi sunucular\u0131m\u0131zdan kald\u0131rmak i\u00e7in gerekli ad\u0131mlar\u0131 atar\u0131z.<\/p>\n<p>Bilgilerinizi i\u015flemek i\u00e7in yasal bir dayanak olarak onaya g\u00fcvenmemiz gerekiyorsa ve \u00fclkeniz bir ebeveynin iznini gerektiriyorsa, bu bilgileri toplay\u0131p kullanmadan \u00f6nce ebeveyninizin iznini isteyebiliriz.<\/p>\n<p><!-- \/wp:paragraph --><\/p>\n<p><!-- wp:heading --><\/p>\n<h2 class=\"wp-block-heading\">Di\u011fer Web Sitelerine Ba\u011flant\u0131lar<\/h2>\n<p><!-- \/wp:heading --><\/p>\n<p>Hizmetimiz, Bizim taraf\u0131m\u0131zdan i\u015fletilmeyen di\u011fer web sitelerine ba\u011flant\u0131lar i\u00e7erebilir. Bir \u00fc\u00e7\u00fcnc\u00fc taraf ba\u011flant\u0131s\u0131n\u0131 t\u0131klarsan\u0131z, s\u00f6z konusu \u00fc\u00e7\u00fcnc\u00fc taraf\u0131n sitesine y\u00f6nlendirileceksiniz. Ziyaret etti\u011finiz her sitenin Gizlilik Politikas\u0131n\u0131 incelemenizi \u00f6nemle tavsiye ederiz.<\/p>\n<p>\u00dc\u00e7\u00fcnc\u00fc taraf sitelerin veya hizmetlerin i\u00e7eri\u011fi, gizlilik politikalar\u0131 veya uygulamalar\u0131 \u00fczerinde hi\u00e7bir kontrol\u00fcm\u00fcz yoktur ve bunlar konusunda hi\u00e7bir sorumluluk kabul etmeyiz.<\/p>\n<p><!-- \/wp:paragraph --><\/p>\n<p><!-- wp:heading --><\/p>\n<h2 class=\"wp-block-heading\">Bu Gizlilik Politikas\u0131ndaki De\u011fi\u015fiklikler<\/h2>\n<p><!-- \/wp:heading --><\/p>\n<p>Gizlilik Politikam\u0131z\u0131 zaman zaman g\u00fcncelleyebiliriz. Yeni Gizlilik Politikas\u0131n\u0131 bu sayfada yay\u0131nlayarak sizi herhangi bir de\u011fi\u015fiklik hakk\u0131nda bilgilendirece\u011fiz.<\/p>\n<p>De\u011fi\u015fiklik y\u00fcr\u00fcrl\u00fc\u011fe girmeden \u00f6nce Sizi e-postayla ve\/veya Hizmetimizde g\u00f6ze \u00e7arpan bir bildirimle bilgilendirece\u011fiz ve bu Gizlilik Politikas\u0131n\u0131n \u00fcst k\u0131sm\u0131ndaki &#8220;Son g\u00fcncelleme&#8221; tarihini g\u00fcncelleyece\u011fiz.<\/p>\n<p>Herhangi bir de\u011fi\u015fiklik olmas\u0131 durumunda bu Gizlilik Politikas\u0131n\u0131 periyodik olarak incelemeniz tavsiye edilir. Bu Gizlilik Politikas\u0131nda yap\u0131lan de\u011fi\u015fiklikler bu sayfada yay\u0131nland\u0131\u011f\u0131 anda y\u00fcr\u00fcrl\u00fc\u011fe girer.<\/p>\n<p><!-- \/wp:paragraph --><\/p>\n<p><!-- wp:heading --><\/p>\n<h2 class=\"wp-block-heading\">Bize Ula\u015f\u0131n<\/h2>\n<p><!-- \/wp:heading --><\/p>\n<p>Bu Gizlilik Politikas\u0131yla ilgili herhangi bir sorunuz varsa bizimle ileti\u015fime ge\u00e7ebilirsiniz:<\/p>\n<p><!-- \/wp:paragraph --><\/p>\n<p><!-- wp:list --><\/p>\n<ul>\n<li style=\"list-style-type: none;\">\n<ul>\n<li style=\"list-style-type: none;\">\n<ul><!-- wp:list-item --><\/ul>\n<\/li>\n<\/ul>\n<ul>\n<li>By email: info@worldplast.co<\/li>\n<\/ul>\n<\/li>\n<\/ul>\n<p><!-- \/wp:list-item --><\/p>\n<p><!-- wp:list-item --><\/p>\n<ul>\n<li style=\"list-style-type: none;\">\n<ul>\n<li>By visiting this page on our website:\u00a0<a href=\"https:\/\/worldplast.co\/contact\/\" target=\"_blank\" rel=\"noreferrer noopener\">https:\/\/worldplast.co\/contact\/<\/a><\/li>\n<\/ul>\n<\/li>\n<\/ul>\n<p><!-- \/wp:list-item --><\/p>\n<p><!-- wp:list-item --><\/p>\n<ul>\n<li style=\"list-style-type: none;\">\n<ul>\n<li>By phone number: +90 (531) 104 20 55<\/li>\n<li>By phone number: +90 (531) 104 20 54<\/li>\n<\/ul>\n<\/li>\n<\/ul>\n<p><!-- \/wp:list-item --><\/p>\n<p><!-- \/wp:list --><\/p>\n<\/div><\/section>\r\n\r\n\n<style type=\"text\/css\" data-created_by=\"avia_inline_auto\" id=\"style-css-av-lr1uyx4u-9a982c8d666c4ca5f16170d68e4ccbad\">\n.avia-image-container.av-lr1uyx4u-9a982c8d666c4ca5f16170d68e4ccbad img.avia_image{\nbox-shadow:none;\n}\n.avia-image-container.av-lr1uyx4u-9a982c8d666c4ca5f16170d68e4ccbad .av-image-caption-overlay-center{\ncolor:#ffffff;\n}\n<\/style>\n<div  class='avia-image-container av-lr1uyx4u-9a982c8d666c4ca5f16170d68e4ccbad av-styling- avia-align-center  avia-builder-el-1  el_after_av_textblock  avia-builder-el-last '   itemprop=\"image\" itemscope=\"itemscope\" itemtype=\"https:\/\/schema.org\/ImageObject\" ><div class=\"avia-image-container-inner\"><div class=\"avia-image-overlay-wrap\"><img decoding=\"async\" class='wp-image-753 avia-img-lazy-loading-not-753 avia_image ' src=\"https:\/\/worldplast.co\/wp-content\/uploads\/2024\/01\/Products.png\" alt='' title='Products'  height=\"500\" width=\"1900\"  itemprop=\"thumbnailUrl\" srcset=\"https:\/\/worldplast.co\/wp-content\/uploads\/2024\/01\/Products.png 1900w, https:\/\/worldplast.co\/wp-content\/uploads\/2024\/01\/Products-300x79.png 300w, https:\/\/worldplast.co\/wp-content\/uploads\/2024\/01\/Products-1030x271.png 1030w, https:\/\/worldplast.co\/wp-content\/uploads\/2024\/01\/Products-768x202.png 768w, https:\/\/worldplast.co\/wp-content\/uploads\/2024\/01\/Products-1536x404.png 1536w, https:\/\/worldplast.co\/wp-content\/uploads\/2024\/01\/Products-1500x395.png 1500w, https:\/\/worldplast.co\/wp-content\/uploads\/2024\/01\/Products-705x186.png 705w\" sizes=\"(max-width: 1900px) 100vw, 1900px\" \/><\/div><\/div><\/div>","protected":false},"excerpt":{"rendered":"","protected":false},"author":1,"featured_media":0,"parent":0,"menu_order":0,"comment_status":"closed","ping_status":"open","template":"","meta":{"footnotes":""},"class_list":["post-1235","page","type-page","status-publish","hentry"],"_links":{"self":[{"href":"https:\/\/worldplast.co\/tr\/index.php\/wp-json\/wp\/v2\/pages\/1235","targetHints":{"allow":["GET"]}}],"collection":[{"href":"https:\/\/worldplast.co\/tr\/index.php\/wp-json\/wp\/v2\/pages"}],"about":[{"href":"https:\/\/worldplast.co\/tr\/index.php\/wp-json\/wp\/v2\/types\/page"}],"author":[{"embeddable":true,"href":"https:\/\/worldplast.co\/tr\/index.php\/wp-json\/wp\/v2\/users\/1"}],"replies":[{"embeddable":true,"href":"https:\/\/worldplast.co\/tr\/index.php\/wp-json\/wp\/v2\/comments?post=1235"}],"version-history":[{"count":1,"href":"https:\/\/worldplast.co\/tr\/index.php\/wp-json\/wp\/v2\/pages\/1235\/revisions"}],"predecessor-version":[{"id":1236,"href":"https:\/\/worldplast.co\/tr\/index.php\/wp-json\/wp\/v2\/pages\/1235\/revisions\/1236"}],"wp:attachment":[{"href":"https:\/\/worldplast.co\/tr\/index.php\/wp-json\/wp\/v2\/media?parent=1235"}],"curies":[{"name":"wp","href":"https:\/\/api.w.org\/{rel}","templated":true}]}}