{"id":1239,"date":"2024-03-20T13:02:37","date_gmt":"2024-03-20T13:02:37","guid":{"rendered":"https:\/\/worldplast.co\/?page_id=1239"},"modified":"2024-03-22T12:56:40","modified_gmt":"2024-03-22T12:56:40","slug":"contact","status":"publish","type":"page","link":"https:\/\/worldplast.co\/tr\/index.php\/contact\/","title":{"rendered":"Temas etmek"},"content":{"rendered":"\n<style type=\"text\/css\" data-created_by=\"avia_inline_auto\" id=\"style-css-av-9hhm3-27961be26b92a631801c4eb8c45b67bb\">\n.flex_column.av-9hhm3-27961be26b92a631801c4eb8c45b67bb{\nborder-radius:0px 0px 0px 0px;\npadding:0px 0px 0px 0px;\n}\n<\/style>\n<div  class='flex_column av-9hhm3-27961be26b92a631801c4eb8c45b67bb av_two_third  avia-builder-el-0  el_before_av_one_third  avia-builder-el-first  first flex_column_div av-animated-generic bottom-to-top av-zero-column-padding  '     ><p>\n<style type=\"text\/css\" data-created_by=\"avia_inline_auto\" id=\"style-css-av-8fsa7-e291195d3a65abf9bb74fe6f1802a84c\">\n#top .av-special-heading.av-8fsa7-e291195d3a65abf9bb74fe6f1802a84c{\npadding-bottom:0;\n}\nbody .av-special-heading.av-8fsa7-e291195d3a65abf9bb74fe6f1802a84c .av-special-heading-tag .heading-char{\nfont-size:25px;\n}\n.av-special-heading.av-8fsa7-e291195d3a65abf9bb74fe6f1802a84c .av-subheading{\nfont-size:15px;\n}\n<\/style>\n<div  class='av-special-heading av-8fsa7-e291195d3a65abf9bb74fe6f1802a84c av-special-heading-h3 blockquote modern-quote  avia-builder-el-1  el_before_av_hr  avia-builder-el-first '><h3 class='av-special-heading-tag'  itemprop=\"headline\"  >Temasta olmak<\/h3><div class=\"special-heading-border\"><div class=\"special-heading-inner-border\"><\/div><\/div><\/div><br \/>\n\n<style type=\"text\/css\" data-created_by=\"avia_inline_auto\" id=\"style-css-av-877sn-41a3786cd976339acd7b9e36e3f38166\">\n#top .hr.av-877sn-41a3786cd976339acd7b9e36e3f38166{\nmargin-top:10px;\nmargin-bottom:10px;\n}\n.hr.av-877sn-41a3786cd976339acd7b9e36e3f38166 .hr-inner{\nwidth:50px;\nborder-color:#efbb20;\n}\n<\/style>\n<div  class='hr av-877sn-41a3786cd976339acd7b9e36e3f38166 hr-custom  avia-builder-el-2  el_after_av_heading  el_before_av_contact  hr-left hr-icon-no'><span class='hr-inner inner-border-av-border-fat'><span class=\"hr-inner-style\"><\/span><\/span><\/div><br \/>\n<form action=\"https:\/\/worldplast.co\/tr\/index.php\/contact\/\" method=\"post\" data-fields-with-error=\"Found errors in the following field(s):\" class=\"avia_ajax_form av-form-labels-visible   avia-builder-el-3  el_after_av_hr  avia-builder-el-last   \" data-avia-form-id=\"1\" data-avia-redirect='' ><fieldset><p class='  first_form  form_element form_element_half' id='element_avia_1_1'><label for=\"avia_1_1\">\u0130sim <abbr class=\"required\" title=\"Zorunlu\">*<\/abbr><\/label> <input name=\"avia_1_1\" class=\"text_input is_empty\" type=\"text\" id=\"avia_1_1\" value=\"\" \/><\/p><p class='  form_element form_element_half' id='element_avia_2_1'><label for=\"avia_2_1\">E-Posta <abbr class=\"required\" title=\"Zorunlu\">*<\/abbr><\/label> <input name=\"avia_2_1\" class=\"text_input is_email\" type=\"text\" id=\"avia_2_1\" value=\"\" \/><\/p><p class='  first_form  form_element form_element_half' id='element_avia_3_1'><label for=\"avia_3_1\">konusu <abbr class=\"required\" title=\"Zorunlu\">*<\/abbr><\/label> <input name=\"avia_3_1\" class=\"text_input is_empty\" type=\"text\" id=\"avia_3_1\" value=\"\" \/><\/p><p class='  form_element form_element_half' id='element_avia_4_1'><label for=\"avia_4_1\">Mobil <abbr class=\"required\" title=\"Zorunlu\">*<\/abbr><\/label> <input name=\"avia_4_1\" class=\"text_input is_phone\" type=\"text\" id=\"avia_4_1\" value=\"\" \/><\/p><p class='  first_form  form_element form_fullwidth av-last-visible-form-element' id='element_avia_5_1'><label for=\"avia_5_1\" class=\"textare_label hidden textare_label_avia_5_1\">\u0130leti <abbr class=\"required\" title=\"Zorunlu\">*<\/abbr><\/label><textarea  name=\"avia_5_1\" class=\"text_area is_empty\" cols=\"40\" rows=\"7\" id=\"avia_5_1\" ><\/textarea><\/p><p class=\"hidden\"><input type=\"text\" name=\"avia_6_1\" class=\"hidden \" id=\"avia_6_1\" value=\"\" \/><\/p><p class=\"form_element \"><input type=\"hidden\" value=\"1\" name=\"avia_generated_form1\" \/><input type=\"submit\" value=\"Temasta olmak\" class=\"button\"  data-sending-label=\"G\u00f6nderiliyor\"\/><\/p><\/fieldset><\/form><div id=\"ajaxresponse_1\" class=\"ajaxresponse ajaxresponse_1 hidden\"><\/div><\/p><\/div>\n<style type=\"text\/css\" data-created_by=\"avia_inline_auto\" id=\"style-css-av-44vtf-6561a0492899eba3307b0e7b99ae9266\">\n.flex_column.av-44vtf-6561a0492899eba3307b0e7b99ae9266{\nborder-radius:0px 0px 0px 0px;\npadding:0px 0px 0px 0px;\n}\n<\/style>\n<div  class='flex_column av-44vtf-6561a0492899eba3307b0e7b99ae9266 av_one_third  avia-builder-el-4  el_after_av_two_third  avia-builder-el-last  flex_column_div av-animated-generic bottom-to-top av-zero-column-padding  '     ><p>\n<style type=\"text\/css\" data-created_by=\"avia_inline_auto\" id=\"style-css-av-3j8yj-f4515867af2a072fff56b279f3ff818c\">\n#top .av-special-heading.av-3j8yj-f4515867af2a072fff56b279f3ff818c{\npadding-bottom:0;\n}\nbody .av-special-heading.av-3j8yj-f4515867af2a072fff56b279f3ff818c .av-special-heading-tag .heading-char{\nfont-size:25px;\n}\n.av-special-heading.av-3j8yj-f4515867af2a072fff56b279f3ff818c .av-subheading{\nfont-size:15px;\n}\n<\/style>\n<div  class='av-special-heading av-3j8yj-f4515867af2a072fff56b279f3ff818c av-special-heading-h3 blockquote modern-quote  avia-builder-el-5  el_before_av_hr  avia-builder-el-first '><h3 class='av-special-heading-tag'  itemprop=\"headline\"  >Bize Ula\u015f\u0131n<\/h3><div class=\"special-heading-border\"><div class=\"special-heading-inner-border\"><\/div><\/div><\/div><br \/>\n\n<style type=\"text\/css\" data-created_by=\"avia_inline_auto\" id=\"style-css-av-2s1mz-fad10682e64e7e4f1b6a84da9dd1c1e9\">\n#top .hr.av-2s1mz-fad10682e64e7e4f1b6a84da9dd1c1e9{\nmargin-top:10px;\nmargin-bottom:10px;\n}\n.hr.av-2s1mz-fad10682e64e7e4f1b6a84da9dd1c1e9 .hr-inner{\nwidth:50px;\nborder-color:#efbb20;\n}\n<\/style>\n<div  class='hr av-2s1mz-fad10682e64e7e4f1b6a84da9dd1c1e9 hr-custom  avia-builder-el-6  el_after_av_heading  el_before_av_textblock  hr-left hr-icon-no'><span class='hr-inner inner-border-av-border-fat'><span class=\"hr-inner-style\"><\/span><\/span><\/div><br \/>\n<section  class='av_textblock_section av-20an3-9908cf5f38a29bde1d423a322870c89e '   itemscope=\"itemscope\" itemtype=\"https:\/\/schema.org\/CreativeWork\" ><div class='avia_textblock'  itemprop=\"text\" ><p>Worldplast 2011 y\u0131l\u0131nda \u0130stanbul&#8217;da kuruldu. 2019 y\u0131l\u0131nda Tekirda\u011f&#8217;da 5600 m2 fabrika in\u015fa ettik.<\/p>\n<\/div><\/section><br \/>\n\n<style type=\"text\/css\" data-created_by=\"avia_inline_auto\" id=\"style-css-av-1ocbf-6f9eee0440e723c143179125506a9892\">\n#top .hr.av-1ocbf-6f9eee0440e723c143179125506a9892{\nmargin-top:10px;\nmargin-bottom:10px;\n}\n.hr.av-1ocbf-6f9eee0440e723c143179125506a9892 .hr-inner{\nwidth:50px;\nborder-color:#efbb20;\n}\n<\/style>\n<div  class='hr av-1ocbf-6f9eee0440e723c143179125506a9892 hr-custom  avia-builder-el-8  el_after_av_textblock  el_before_av_textblock  hr-left hr-icon-no'><span class='hr-inner inner-border-av-border-fat'><span class=\"hr-inner-style\"><\/span><\/span><\/div><br \/>\n<section  class='av_textblock_section av-od3n-24f43186e3a732e31db69217812aa005 '   itemscope=\"itemscope\" itemtype=\"https:\/\/schema.org\/CreativeWork\" ><div class='avia_textblock'  itemprop=\"text\" ><p>Adres<br \/>\nBa\u015fal\u015fehir<br \/>\nIstanbul \/ Turkey<\/p>\n<p>Temas etmek<br \/>\n+90 (531) 104 20 55<br \/>\n+90 (531) 104 20 54<br \/>\ninfo@worldplast.co<\/p>\n<p>A\u00e7\u0131l\u0131\u015f saatleri:<\/p>\n<p>Mo-Sa: 8:00-16:00<br \/>\nSo: closed<\/p>\n<\/div><\/section><\/p><\/div><\/p>\n","protected":false},"excerpt":{"rendered":"","protected":false},"author":1,"featured_media":0,"parent":0,"menu_order":0,"comment_status":"closed","ping_status":"closed","template":"","meta":{"footnotes":""},"class_list":["post-1239","page","type-page","status-publish","hentry"],"_links":{"self":[{"href":"https:\/\/worldplast.co\/tr\/index.php\/wp-json\/wp\/v2\/pages\/1239","targetHints":{"allow":["GET"]}}],"collection":[{"href":"https:\/\/worldplast.co\/tr\/index.php\/wp-json\/wp\/v2\/pages"}],"about":[{"href":"https:\/\/worldplast.co\/tr\/index.php\/wp-json\/wp\/v2\/types\/page"}],"author":[{"embeddable":true,"href":"https:\/\/worldplast.co\/tr\/index.php\/wp-json\/wp\/v2\/users\/1"}],"replies":[{"embeddable":true,"href":"https:\/\/worldplast.co\/tr\/index.php\/wp-json\/wp\/v2\/comments?post=1239"}],"version-history":[{"count":4,"href":"https:\/\/worldplast.co\/tr\/index.php\/wp-json\/wp\/v2\/pages\/1239\/revisions"}],"predecessor-version":[{"id":1379,"href":"https:\/\/worldplast.co\/tr\/index.php\/wp-json\/wp\/v2\/pages\/1239\/revisions\/1379"}],"wp:attachment":[{"href":"https:\/\/worldplast.co\/tr\/index.php\/wp-json\/wp\/v2\/media?parent=1239"}],"curies":[{"name":"wp","href":"https:\/\/api.w.org\/{rel}","templated":true}]}}